{"id":2,"date":"2022-09-16T14:22:38","date_gmt":"2022-09-16T12:22:38","guid":{"rendered":"http:\/\/atelieraia.fr\/?page_id=2"},"modified":"2022-10-13T16:03:56","modified_gmt":"2022-10-13T14:03:56","slug":"etapes-du-projet","status":"publish","type":"page","link":"http:\/\/atelieraia.fr\/?page_id=2","title":{"rendered":"Etapes du projet"},"content":{"rendered":"\t\t<div data-elementor-type=\"wp-page\" data-elementor-id=\"2\" class=\"elementor elementor-2\">\n\t\t\t\t\t\t<section class=\"elementor-section elementor-top-section elementor-element elementor-element-2c9c980 elementor-section-boxed elementor-section-height-default elementor-section-height-default\" data-id=\"2c9c980\" data-element_type=\"section\">\n\t\t\t\t\t\t<div class=\"elementor-container elementor-column-gap-default\">\n\t\t\t\t\t<div class=\"elementor-column elementor-col-100 elementor-top-column elementor-element elementor-element-a3a06f4\" data-id=\"a3a06f4\" data-element_type=\"column\">\n\t\t\t<div class=\"elementor-widget-wrap elementor-element-populated\">\n\t\t\t\t\t\t<div class=\"elementor-element elementor-element-dec6ab5 elementor-widget elementor-widget-heading\" data-id=\"dec6ab5\" data-element_type=\"widget\" data-widget_type=\"heading.default\">\n\t\t\t\t<div class=\"elementor-widget-container\">\n\t\t\t\t\t<h2 class=\"elementor-heading-title elementor-size-default\">Les \u00e9tapes du projet<\/h2>\t\t\t\t<\/div>\n\t\t\t\t<\/div>\n\t\t\t\t\t<\/div>\n\t\t<\/div>\n\t\t\t\t\t<\/div>\n\t\t<\/section>\n\t\t\t\t<section class=\"elementor-section elementor-top-section elementor-element elementor-element-b394757 elementor-section-boxed elementor-section-height-default elementor-section-height-default\" data-id=\"b394757\" data-element_type=\"section\">\n\t\t\t\t\t\t<div class=\"elementor-container elementor-column-gap-default\">\n\t\t\t\t\t<div class=\"elementor-column elementor-col-100 elementor-top-column elementor-element elementor-element-db6b24d\" data-id=\"db6b24d\" data-element_type=\"column\">\n\t\t\t<div class=\"elementor-widget-wrap elementor-element-populated\">\n\t\t\t\t\t\t<div class=\"elementor-element elementor-element-005c3e6 elementor-widget elementor-widget-image\" data-id=\"005c3e6\" data-element_type=\"widget\" data-widget_type=\"image.default\">\n\t\t\t\t<div class=\"elementor-widget-container\">\n\t\t\t\t\t\t\t\t\t\t\t\t\t\t\t<img fetchpriority=\"high\" decoding=\"async\" width=\"350\" height=\"234\" src=\"http:\/\/atelieraia.fr\/wp-content\/uploads\/2022\/09\/csm_plan_-_copie72dpi_bc77427aae.jpg\" class=\"attachment-2048x2048 size-2048x2048 wp-image-103\" alt=\"\" srcset=\"http:\/\/atelieraia.fr\/wp-content\/uploads\/2022\/09\/csm_plan_-_copie72dpi_bc77427aae.jpg 350w, http:\/\/atelieraia.fr\/wp-content\/uploads\/2022\/09\/csm_plan_-_copie72dpi_bc77427aae-300x201.jpg 300w\" sizes=\"(max-width: 350px) 100vw, 350px\" \/>\t\t\t\t\t\t\t\t\t\t\t\t\t\t\t<\/div>\n\t\t\t\t<\/div>\n\t\t\t\t<div class=\"elementor-element elementor-element-de3b6cc elementor-invisible elementor-widget elementor-widget-text-editor\" data-id=\"de3b6cc\" data-element_type=\"widget\" data-settings=\"{&quot;_animation&quot;:&quot;fadeInRight&quot;}\" data-widget_type=\"text-editor.default\">\n\t\t\t\t<div class=\"elementor-widget-container\">\n\t\t\t\t\t\t\t\t\t<ul><li><em><span style=\"text-decoration: underline;\"><strong>RENCONTRE ET ANALYSE<\/strong><\/span><\/em><\/li><\/ul><p><img decoding=\"async\" class=\" wp-image-247 alignleft\" src=\"http:\/\/atelieraia.fr\/wp-content\/uploads\/2022\/09\/main-b.jpg\" alt=\"\" width=\"217\" height=\"175\" \/>Lors du premier rendez-vous, nous \u00e9tablissons ensemble votre cahier des charges, selon votre terrain, votre budget, vos attentes et votre mode de vie afin que tr\u00e8s vite vous vous sentiez d\u00e9j\u00e0 chez vous. Ecouter vos d\u00e9sirs et vos motivations pour concevoir un projet personnalis\u00e9 et vous accompagner sur les contraintes r\u00e9glementaires, de terrain, administratives.<\/p><p>Pour une extension ou une r\u00e9novation, un \u00e9tat des lieux, des relev\u00e9s sur site seront n\u00e9cessaires afin de connaitre les limites et les contraintes indispensables \u00e0 la conception de l\u2019esquisse.<\/p>\t\t\t\t\t\t\t\t<\/div>\n\t\t\t\t<\/div>\n\t\t\t\t\t<\/div>\n\t\t<\/div>\n\t\t\t\t\t<\/div>\n\t\t<\/section>\n\t\t\t\t<section class=\"elementor-section elementor-top-section elementor-element elementor-element-8421e4d elementor-section-boxed elementor-section-height-default elementor-section-height-default\" data-id=\"8421e4d\" data-element_type=\"section\">\n\t\t\t\t\t\t<div class=\"elementor-container elementor-column-gap-default\">\n\t\t\t\t\t<div class=\"elementor-column elementor-col-100 elementor-top-column elementor-element elementor-element-0422ee2\" data-id=\"0422ee2\" data-element_type=\"column\">\n\t\t\t<div class=\"elementor-widget-wrap elementor-element-populated\">\n\t\t\t\t\t\t<div class=\"elementor-element elementor-element-77dc440 elementor-invisible elementor-widget elementor-widget-text-editor\" data-id=\"77dc440\" data-element_type=\"widget\" data-settings=\"{&quot;_animation&quot;:&quot;fadeInRight&quot;}\" data-widget_type=\"text-editor.default\">\n\t\t\t\t<div class=\"elementor-widget-container\">\n\t\t\t\t\t\t\t\t\t<ul><li><em><span style=\"text-decoration: underline;\"><strong>CONCEPTION \/ ESQUISSE<\/strong><\/span><\/em><\/li><\/ul><p><img decoding=\"async\" class=\" wp-image-246 alignleft\" src=\"http:\/\/atelieraia.fr\/wp-content\/uploads\/2022\/09\/loupe-b.png\" alt=\"\" width=\"216\" height=\"167\" \/>Chaque projet est r\u00e9alis\u00e9 sur mesure et vos id\u00e9es, vos r\u00eaves sont retranscrits en plans et en 3d. Les plans sont revus et \u00e9voluent jusqu\u2019\u00e0 ce que tous les param\u00e8tres soient pris en compte, afin de pr\u00e9parer en toute confiance la suite du projet.<\/p>\t\t\t\t\t\t\t\t<\/div>\n\t\t\t\t<\/div>\n\t\t\t\t\t<\/div>\n\t\t<\/div>\n\t\t\t\t\t<\/div>\n\t\t<\/section>\n\t\t\t\t<section class=\"elementor-section elementor-top-section elementor-element elementor-element-a244712 elementor-section-boxed elementor-section-height-default elementor-section-height-default\" data-id=\"a244712\" data-element_type=\"section\">\n\t\t\t\t\t\t<div class=\"elementor-container elementor-column-gap-default\">\n\t\t\t\t\t<div class=\"elementor-column elementor-col-100 elementor-top-column elementor-element elementor-element-d6defad\" data-id=\"d6defad\" data-element_type=\"column\">\n\t\t\t<div class=\"elementor-widget-wrap elementor-element-populated\">\n\t\t\t\t\t\t<div class=\"elementor-element elementor-element-d2850a3 elementor-invisible elementor-widget elementor-widget-text-editor\" data-id=\"d2850a3\" data-element_type=\"widget\" data-settings=\"{&quot;_animation&quot;:&quot;fadeInRight&quot;}\" data-widget_type=\"text-editor.default\">\n\t\t\t\t<div class=\"elementor-widget-container\">\n\t\t\t\t\t\t\t\t\t<ul><li><span style=\"text-decoration: underline;\"><span style=\"text-decoration: underline;\"><em><strong>PERMIS DE CONSTRUIRE OU DECLARATION DE TRAVAUX\u00a0<\/strong><\/em><\/span><\/span><\/li><\/ul><p><img loading=\"lazy\" decoding=\"async\" class=\"alignleft wp-image-248\" src=\"http:\/\/atelieraia.fr\/wp-content\/uploads\/2022\/09\/maison-siteb-300x177.jpg\" alt=\"\" width=\"245\" height=\"144\" srcset=\"http:\/\/atelieraia.fr\/wp-content\/uploads\/2022\/09\/maison-siteb-300x177.jpg 300w, http:\/\/atelieraia.fr\/wp-content\/uploads\/2022\/09\/maison-siteb.jpg 508w\" sizes=\"(max-width: 245px) 100vw, 245px\" \/><\/p><p><span style=\"font-family: var( --e-global-typography-text-font-family ), Sans-serif; font-size: 1rem; font-weight: var( --e-global-typography-text-font-weight );\">Mise en forme administrative du projet pour obtenir les autorisations l\u00e9gales n\u00e9cessaire \u00e0 la r\u00e9alisation de votre r\u00eave. Je me charge de pr\u00e9parer tous les documents graphiques, les formulaires cerfa et tout autre document administratif jusqu&rsquo;\u00e0 obtention de l&rsquo;accord<\/span><\/p>\t\t\t\t\t\t\t\t<\/div>\n\t\t\t\t<\/div>\n\t\t\t\t\t<\/div>\n\t\t<\/div>\n\t\t\t\t\t<\/div>\n\t\t<\/section>\n\t\t\t\t<section class=\"elementor-section elementor-top-section elementor-element elementor-element-c9cc656 elementor-section-boxed elementor-section-height-default elementor-section-height-default\" data-id=\"c9cc656\" data-element_type=\"section\">\n\t\t\t\t\t\t<div class=\"elementor-container elementor-column-gap-default\">\n\t\t\t\t\t<div class=\"elementor-column elementor-col-100 elementor-top-column elementor-element elementor-element-2d22c21\" data-id=\"2d22c21\" data-element_type=\"column\">\n\t\t\t<div class=\"elementor-widget-wrap elementor-element-populated\">\n\t\t\t\t\t\t<div class=\"elementor-element elementor-element-762f68a elementor-invisible elementor-widget elementor-widget-text-editor\" data-id=\"762f68a\" data-element_type=\"widget\" data-settings=\"{&quot;_animation&quot;:&quot;fadeInRight&quot;}\" data-widget_type=\"text-editor.default\">\n\t\t\t\t<div class=\"elementor-widget-container\">\n\t\t\t\t\t\t\t\t\t<ul><li><span style=\"text-decoration: underline;\"><span style=\"text-decoration: underline;\"><em><strong>METRAGE ET QUANTITATIF<\/strong><\/em><\/span><\/span><p><img loading=\"lazy\" decoding=\"async\" class=\"alignleft wp-image-249\" src=\"http:\/\/atelieraia.fr\/wp-content\/uploads\/2022\/09\/metre-b-300x150.jpg\" alt=\"\" width=\"221\" height=\"111\" srcset=\"http:\/\/atelieraia.fr\/wp-content\/uploads\/2022\/09\/metre-b-300x150.jpg 300w, http:\/\/atelieraia.fr\/wp-content\/uploads\/2022\/09\/metre-b.jpg 612w\" sizes=\"(max-width: 221px) 100vw, 221px\" \/><\/p><\/li><\/ul><p>Je vous pr\u00e9pare les plans d\u2019Ex\u00e9cution pour int\u00e9grer au mieux vos derni\u00e8res id\u00e9es. Je quantifie l\u2019ensemble des mat\u00e9riaux et produits n\u00e9cessaire \u00e0 l\u2019\u00e9laboration des consultations des entreprises.<\/p>\t\t\t\t\t\t\t\t<\/div>\n\t\t\t\t<\/div>\n\t\t\t\t\t<\/div>\n\t\t<\/div>\n\t\t\t\t\t<\/div>\n\t\t<\/section>\n\t\t\t\t<section class=\"elementor-section elementor-top-section elementor-element elementor-element-3237baa elementor-section-boxed elementor-section-height-default elementor-section-height-default\" data-id=\"3237baa\" data-element_type=\"section\">\n\t\t\t\t\t\t<div class=\"elementor-container elementor-column-gap-default\">\n\t\t\t\t\t<div class=\"elementor-column elementor-col-100 elementor-top-column elementor-element elementor-element-3869e22\" data-id=\"3869e22\" data-element_type=\"column\">\n\t\t\t<div class=\"elementor-widget-wrap elementor-element-populated\">\n\t\t\t\t\t\t<div class=\"elementor-element elementor-element-6b2eaaf elementor-align-center elementor-widget elementor-widget-button\" data-id=\"6b2eaaf\" data-element_type=\"widget\" data-widget_type=\"button.default\">\n\t\t\t\t<div class=\"elementor-widget-container\">\n\t\t\t\t\t\t\t\t\t<div class=\"elementor-button-wrapper\">\n\t\t\t\t\t<a class=\"elementor-button elementor-button-link elementor-size-sm\" href=\"http:\/\/atelieraia.fr\/?page_id=23\">\n\t\t\t\t\t\t<span class=\"elementor-button-content-wrapper\">\n\t\t\t\t\t\t<span class=\"elementor-button-icon\">\n\t\t\t\t<i aria-hidden=\"true\" class=\"far fa-envelope-open\"><\/i>\t\t\t<\/span>\n\t\t\t\t\t\t\t\t\t<span class=\"elementor-button-text\">quel est votre projet? contactez moi!<\/span>\n\t\t\t\t\t<\/span>\n\t\t\t\t\t<\/a>\n\t\t\t\t<\/div>\n\t\t\t\t\t\t\t\t<\/div>\n\t\t\t\t<\/div>\n\t\t\t\t\t<\/div>\n\t\t<\/div>\n\t\t\t\t\t<\/div>\n\t\t<\/section>\n\t\t\t\t<\/div>\n\t\t","protected":false},"excerpt":{"rendered":"<p>Les \u00e9tapes du projet RENCONTRE ET ANALYSE Lors du premier rendez-vous, nous \u00e9tablissons ensemble votre cahier des charges, selon votre terrain, votre budget, vos attentes et votre mode de vie afin que tr\u00e8s vite vous vous sentiez d\u00e9j\u00e0 chez vous. Ecouter vos d\u00e9sirs et vos motivations pour concevoir un projet personnalis\u00e9 et vous accompagner sur [&hellip;]<\/p>\n","protected":false},"author":1,"featured_media":0,"parent":0,"menu_order":0,"comment_status":"closed","ping_status":"closed","template":"elementor_header_footer","meta":{"footnotes":""},"class_list":["post-2","page","type-page","status-publish","hentry"],"yoast_head":"<!-- This site is optimized with the Yoast SEO plugin v26.6 - https:\/\/yoast.com\/wordpress\/plugins\/seo\/ -->\n<title>Etapes du projet - ATELIER AIA<\/title>\n<meta name=\"robots\" content=\"index, follow, max-snippet:-1, max-image-preview:large, max-video-preview:-1\" \/>\n<link rel=\"canonical\" href=\"http:\/\/atelieraia.fr\/?page_id=2\" \/>\n<meta property=\"og:locale\" content=\"fr_FR\" \/>\n<meta property=\"og:type\" content=\"article\" \/>\n<meta property=\"og:title\" content=\"Etapes du projet - ATELIER AIA\" \/>\n<meta property=\"og:description\" content=\"Les \u00e9tapes du projet RENCONTRE ET ANALYSE Lors du premier rendez-vous, nous \u00e9tablissons ensemble votre cahier des charges, selon votre terrain, votre budget, vos attentes et votre mode de vie afin que tr\u00e8s vite vous vous sentiez d\u00e9j\u00e0 chez vous. Ecouter vos d\u00e9sirs et vos motivations pour concevoir un projet personnalis\u00e9 et vous accompagner sur [&hellip;]\" \/>\n<meta property=\"og:url\" content=\"http:\/\/atelieraia.fr\/?page_id=2\" \/>\n<meta property=\"og:site_name\" content=\"ATELIER AIA\" \/>\n<meta property=\"article:modified_time\" content=\"2022-10-13T14:03:56+00:00\" \/>\n<meta property=\"og:image\" content=\"http:\/\/atelieraia.fr\/wp-content\/uploads\/2022\/09\/csm_plan_-_copie72dpi_bc77427aae.jpg\" \/>\n<meta name=\"twitter:card\" content=\"summary_large_image\" \/>\n<meta name=\"twitter:label1\" content=\"Dur\u00e9e de lecture estim\u00e9e\" \/>\n\t<meta name=\"twitter:data1\" content=\"3 minutes\" \/>\n<script type=\"application\/ld+json\" class=\"yoast-schema-graph\">{\"@context\":\"https:\/\/schema.org\",\"@graph\":[{\"@type\":\"WebPage\",\"@id\":\"http:\/\/atelieraia.fr\/?page_id=2\",\"url\":\"http:\/\/atelieraia.fr\/?page_id=2\",\"name\":\"Etapes du projet - ATELIER AIA\",\"isPartOf\":{\"@id\":\"http:\/\/atelieraia.fr\/#website\"},\"primaryImageOfPage\":{\"@id\":\"http:\/\/atelieraia.fr\/?page_id=2#primaryimage\"},\"image\":{\"@id\":\"http:\/\/atelieraia.fr\/?page_id=2#primaryimage\"},\"thumbnailUrl\":\"http:\/\/atelieraia.fr\/wp-content\/uploads\/2022\/09\/csm_plan_-_copie72dpi_bc77427aae.jpg\",\"datePublished\":\"2022-09-16T12:22:38+00:00\",\"dateModified\":\"2022-10-13T14:03:56+00:00\",\"breadcrumb\":{\"@id\":\"http:\/\/atelieraia.fr\/?page_id=2#breadcrumb\"},\"inLanguage\":\"fr-FR\",\"potentialAction\":[{\"@type\":\"ReadAction\",\"target\":[\"http:\/\/atelieraia.fr\/?page_id=2\"]}]},{\"@type\":\"ImageObject\",\"inLanguage\":\"fr-FR\",\"@id\":\"http:\/\/atelieraia.fr\/?page_id=2#primaryimage\",\"url\":\"http:\/\/atelieraia.fr\/wp-content\/uploads\/2022\/09\/csm_plan_-_copie72dpi_bc77427aae.jpg\",\"contentUrl\":\"http:\/\/atelieraia.fr\/wp-content\/uploads\/2022\/09\/csm_plan_-_copie72dpi_bc77427aae.jpg\",\"width\":350,\"height\":234},{\"@type\":\"BreadcrumbList\",\"@id\":\"http:\/\/atelieraia.fr\/?page_id=2#breadcrumb\",\"itemListElement\":[{\"@type\":\"ListItem\",\"position\":1,\"name\":\"Accueil\",\"item\":\"http:\/\/atelieraia.fr\/\"},{\"@type\":\"ListItem\",\"position\":2,\"name\":\"Etapes du projet\"}]},{\"@type\":\"WebSite\",\"@id\":\"http:\/\/atelieraia.fr\/#website\",\"url\":\"http:\/\/atelieraia.fr\/\",\"name\":\"ATELIER AIA\",\"description\":\"Alexandra INTERING Architecte DE\",\"publisher\":{\"@id\":\"http:\/\/atelieraia.fr\/#organization\"},\"potentialAction\":[{\"@type\":\"SearchAction\",\"target\":{\"@type\":\"EntryPoint\",\"urlTemplate\":\"http:\/\/atelieraia.fr\/?s={search_term_string}\"},\"query-input\":{\"@type\":\"PropertyValueSpecification\",\"valueRequired\":true,\"valueName\":\"search_term_string\"}}],\"inLanguage\":\"fr-FR\"},{\"@type\":\"Organization\",\"@id\":\"http:\/\/atelieraia.fr\/#organization\",\"name\":\"ATELIER AIA\",\"url\":\"http:\/\/atelieraia.fr\/\",\"logo\":{\"@type\":\"ImageObject\",\"inLanguage\":\"fr-FR\",\"@id\":\"http:\/\/atelieraia.fr\/#\/schema\/logo\/image\/\",\"url\":\"http:\/\/atelieraia.fr\/wp-content\/uploads\/2022\/09\/cropped-cropped-cropped-cropped-cropped-LOGO-DEF-1-1.jpg\",\"contentUrl\":\"http:\/\/atelieraia.fr\/wp-content\/uploads\/2022\/09\/cropped-cropped-cropped-cropped-cropped-LOGO-DEF-1-1.jpg\",\"width\":512,\"height\":512,\"caption\":\"ATELIER AIA\"},\"image\":{\"@id\":\"http:\/\/atelieraia.fr\/#\/schema\/logo\/image\/\"}}]}<\/script>\n<!-- \/ Yoast SEO plugin. -->","yoast_head_json":{"title":"Etapes du projet - ATELIER AIA","robots":{"index":"index","follow":"follow","max-snippet":"max-snippet:-1","max-image-preview":"max-image-preview:large","max-video-preview":"max-video-preview:-1"},"canonical":"http:\/\/atelieraia.fr\/?page_id=2","og_locale":"fr_FR","og_type":"article","og_title":"Etapes du projet - ATELIER AIA","og_description":"Les \u00e9tapes du projet RENCONTRE ET ANALYSE Lors du premier rendez-vous, nous \u00e9tablissons ensemble votre cahier des charges, selon votre terrain, votre budget, vos attentes et votre mode de vie afin que tr\u00e8s vite vous vous sentiez d\u00e9j\u00e0 chez vous. Ecouter vos d\u00e9sirs et vos motivations pour concevoir un projet personnalis\u00e9 et vous accompagner sur [&hellip;]","og_url":"http:\/\/atelieraia.fr\/?page_id=2","og_site_name":"ATELIER AIA","article_modified_time":"2022-10-13T14:03:56+00:00","og_image":[{"url":"http:\/\/atelieraia.fr\/wp-content\/uploads\/2022\/09\/csm_plan_-_copie72dpi_bc77427aae.jpg","type":"","width":"","height":""}],"twitter_card":"summary_large_image","twitter_misc":{"Dur\u00e9e de lecture estim\u00e9e":"3 minutes"},"schema":{"@context":"https:\/\/schema.org","@graph":[{"@type":"WebPage","@id":"http:\/\/atelieraia.fr\/?page_id=2","url":"http:\/\/atelieraia.fr\/?page_id=2","name":"Etapes du projet - ATELIER AIA","isPartOf":{"@id":"http:\/\/atelieraia.fr\/#website"},"primaryImageOfPage":{"@id":"http:\/\/atelieraia.fr\/?page_id=2#primaryimage"},"image":{"@id":"http:\/\/atelieraia.fr\/?page_id=2#primaryimage"},"thumbnailUrl":"http:\/\/atelieraia.fr\/wp-content\/uploads\/2022\/09\/csm_plan_-_copie72dpi_bc77427aae.jpg","datePublished":"2022-09-16T12:22:38+00:00","dateModified":"2022-10-13T14:03:56+00:00","breadcrumb":{"@id":"http:\/\/atelieraia.fr\/?page_id=2#breadcrumb"},"inLanguage":"fr-FR","potentialAction":[{"@type":"ReadAction","target":["http:\/\/atelieraia.fr\/?page_id=2"]}]},{"@type":"ImageObject","inLanguage":"fr-FR","@id":"http:\/\/atelieraia.fr\/?page_id=2#primaryimage","url":"http:\/\/atelieraia.fr\/wp-content\/uploads\/2022\/09\/csm_plan_-_copie72dpi_bc77427aae.jpg","contentUrl":"http:\/\/atelieraia.fr\/wp-content\/uploads\/2022\/09\/csm_plan_-_copie72dpi_bc77427aae.jpg","width":350,"height":234},{"@type":"BreadcrumbList","@id":"http:\/\/atelieraia.fr\/?page_id=2#breadcrumb","itemListElement":[{"@type":"ListItem","position":1,"name":"Accueil","item":"http:\/\/atelieraia.fr\/"},{"@type":"ListItem","position":2,"name":"Etapes du projet"}]},{"@type":"WebSite","@id":"http:\/\/atelieraia.fr\/#website","url":"http:\/\/atelieraia.fr\/","name":"ATELIER AIA","description":"Alexandra INTERING Architecte DE","publisher":{"@id":"http:\/\/atelieraia.fr\/#organization"},"potentialAction":[{"@type":"SearchAction","target":{"@type":"EntryPoint","urlTemplate":"http:\/\/atelieraia.fr\/?s={search_term_string}"},"query-input":{"@type":"PropertyValueSpecification","valueRequired":true,"valueName":"search_term_string"}}],"inLanguage":"fr-FR"},{"@type":"Organization","@id":"http:\/\/atelieraia.fr\/#organization","name":"ATELIER AIA","url":"http:\/\/atelieraia.fr\/","logo":{"@type":"ImageObject","inLanguage":"fr-FR","@id":"http:\/\/atelieraia.fr\/#\/schema\/logo\/image\/","url":"http:\/\/atelieraia.fr\/wp-content\/uploads\/2022\/09\/cropped-cropped-cropped-cropped-cropped-LOGO-DEF-1-1.jpg","contentUrl":"http:\/\/atelieraia.fr\/wp-content\/uploads\/2022\/09\/cropped-cropped-cropped-cropped-cropped-LOGO-DEF-1-1.jpg","width":512,"height":512,"caption":"ATELIER AIA"},"image":{"@id":"http:\/\/atelieraia.fr\/#\/schema\/logo\/image\/"}}]}},"_links":{"self":[{"href":"http:\/\/atelieraia.fr\/index.php?rest_route=\/wp\/v2\/pages\/2","targetHints":{"allow":["GET"]}}],"collection":[{"href":"http:\/\/atelieraia.fr\/index.php?rest_route=\/wp\/v2\/pages"}],"about":[{"href":"http:\/\/atelieraia.fr\/index.php?rest_route=\/wp\/v2\/types\/page"}],"author":[{"embeddable":true,"href":"http:\/\/atelieraia.fr\/index.php?rest_route=\/wp\/v2\/users\/1"}],"replies":[{"embeddable":true,"href":"http:\/\/atelieraia.fr\/index.php?rest_route=%2Fwp%2Fv2%2Fcomments&post=2"}],"version-history":[{"count":55,"href":"http:\/\/atelieraia.fr\/index.php?rest_route=\/wp\/v2\/pages\/2\/revisions"}],"predecessor-version":[{"id":482,"href":"http:\/\/atelieraia.fr\/index.php?rest_route=\/wp\/v2\/pages\/2\/revisions\/482"}],"wp:attachment":[{"href":"http:\/\/atelieraia.fr\/index.php?rest_route=%2Fwp%2Fv2%2Fmedia&parent=2"}],"curies":[{"name":"wp","href":"https:\/\/api.w.org\/{rel}","templated":true}]}}