{"id":21,"date":"2022-09-16T15:43:41","date_gmt":"2022-09-16T13:43:41","guid":{"rendered":"http:\/\/atelieraia.fr\/?page_id=21"},"modified":"2024-09-12T08:42:27","modified_gmt":"2024-09-12T06:42:27","slug":"accueil","status":"publish","type":"page","link":"https:\/\/atelieraia.fr\/","title":{"rendered":"Accueil"},"content":{"rendered":"\t\t<div data-elementor-type=\"wp-page\" data-elementor-id=\"21\" class=\"elementor elementor-21\">\n\t\t\t\t\t\t<section class=\"elementor-section elementor-top-section elementor-element elementor-element-bb538a6 elementor-section-boxed elementor-section-height-default elementor-section-height-default\" data-id=\"bb538a6\" data-element_type=\"section\">\n\t\t\t\t\t\t<div class=\"elementor-container elementor-column-gap-default\">\n\t\t\t\t\t<div class=\"elementor-column elementor-col-100 elementor-top-column elementor-element elementor-element-0ee9e21\" data-id=\"0ee9e21\" data-element_type=\"column\">\n\t\t\t<div class=\"elementor-widget-wrap elementor-element-populated\">\n\t\t\t\t\t\t<div class=\"elementor-element elementor-element-5aab25f elementor-widget elementor-widget-heading\" data-id=\"5aab25f\" data-element_type=\"widget\" data-widget_type=\"heading.default\">\n\t\t\t\t<div class=\"elementor-widget-container\">\n\t\t\t\t\t<h2 class=\"elementor-heading-title elementor-size-default\">ATELIER AIA<\/h2>\t\t\t\t<\/div>\n\t\t\t\t<\/div>\n\t\t\t\t<div class=\"elementor-element elementor-element-545fba7 elementor-widget elementor-widget-heading\" data-id=\"545fba7\" data-element_type=\"widget\" data-widget_type=\"heading.default\">\n\t\t\t\t<div class=\"elementor-widget-container\">\n\t\t\t\t\t<h2 class=\"elementor-heading-title elementor-size-default\">Alexandra INTERING Architecte DE<\/h2>\t\t\t\t<\/div>\n\t\t\t\t<\/div>\n\t\t\t\t<div class=\"elementor-element elementor-element-9742514 elementor-widget elementor-widget-text-editor\" data-id=\"9742514\" data-element_type=\"widget\" data-widget_type=\"text-editor.default\">\n\t\t\t\t<div class=\"elementor-widget-container\">\n\t\t\t\t\t\t\t\t\t<p><strong>Atelier AIA, situ\u00e9 dans le Haut Rhin (Alsace) vous accompagne dans la conception de construction neuve, la r\u00e9novation, et l\u2019extension pour particuliers, promoteurs, am\u00e9nageurs.<\/strong><\/p><p><strong>Je vous\u00a0<\/strong><strong>r\u00e9alise des plans de maisons individuelles, am\u00e9nagements de combles, r\u00e9novation compl\u00e8te, am\u00e9nagements int\u00e9rieurs et locaux commerciaux pour professionnels. (ERP 5<sup>e<\/sup> cat\u00e9<\/strong><strong>gorie)<\/strong><\/p><p><strong><img decoding=\"async\" class=\"size-medium wp-image-106 aligncenter\" src=\"http:\/\/atelieraia.fr\/wp-content\/uploads\/2022\/09\/ordre-archi-300x57.png\" alt=\"\" width=\"300\" height=\"57\" srcset=\"https:\/\/atelieraia.fr\/wp-content\/uploads\/2022\/09\/ordre-archi-300x57.png 300w, https:\/\/atelieraia.fr\/wp-content\/uploads\/2022\/09\/ordre-archi.png 513w\" sizes=\"(max-width: 300px) 100vw, 300px\" \/><\/strong><\/p><p><strong><span style=\"color: var( --e-global-color-text ); font-family: var( --e-global-typography-text-font-family ), Sans-serif; font-size: 1rem;\">\u00a0Je suis i<\/span><\/strong><strong><span style=\"color: var( --e-global-color-text ); font-family: var( --e-global-typography-text-font-family ), Sans-serif; font-size: 1rem;\">n<\/span><\/strong><strong><span style=\"color: var( --e-global-color-text ); font-family: var( --e-global-typography-text-font-family ), Sans-serif; font-size: 1rem;\">scrite \u00e0 l\u2019Ordre des Architectes sous le num\u00e9ro S23543, avec 15 ans d\u2019exp\u00e9rience dans la maison individuelle, la r\u00e9novation et les professionnels.<\/span><\/strong><\/p>\t\t\t\t\t\t\t\t<\/div>\n\t\t\t\t<\/div>\n\t\t\t\t\t<\/div>\n\t\t<\/div>\n\t\t\t\t\t<\/div>\n\t\t<\/section>\n\t\t\t\t<section class=\"elementor-section elementor-top-section elementor-element elementor-element-7404a85 elementor-section-boxed elementor-section-height-default elementor-section-height-default\" data-id=\"7404a85\" data-element_type=\"section\">\n\t\t\t\t\t\t<div class=\"elementor-container elementor-column-gap-default\">\n\t\t\t\t\t<div class=\"elementor-column elementor-col-100 elementor-top-column elementor-element elementor-element-7a4056f\" data-id=\"7a4056f\" data-element_type=\"column\">\n\t\t\t<div class=\"elementor-widget-wrap elementor-element-populated\">\n\t\t\t\t\t\t<div class=\"elementor-element elementor-element-7ab7981 elementor-invisible elementor-widget elementor-widget-heading\" data-id=\"7ab7981\" data-element_type=\"widget\" data-settings=\"{&quot;_animation&quot;:&quot;bounce&quot;,&quot;_animation_delay&quot;:100}\" data-widget_type=\"heading.default\">\n\t\t\t\t<div class=\"elementor-widget-container\">\n\t\t\t\t\t<h2 class=\"elementor-heading-title elementor-size-medium\">Ma vision<\/h2>\t\t\t\t<\/div>\n\t\t\t\t<\/div>\n\t\t\t\t<div class=\"elementor-element elementor-element-9a4e04e elementor-widget elementor-widget-text-editor\" data-id=\"9a4e04e\" data-element_type=\"widget\" data-widget_type=\"text-editor.default\">\n\t\t\t\t<div class=\"elementor-widget-container\">\n\t\t\t\t\t\t\t\t\t<p class=\"MsoNormal\">Mieux concevoir des maisons de qualit\u00e9 plus \u00e9conomes et plus confortables. Construire est un projet de long terme, qui s\u2019inscrit dans la dur\u00e9e. Mieux construire est une n\u00e9cessit\u00e9 pour r\u00e9duire notre consommation et pour l\u2019environnement. Contemporaine, moderne, traditionnelle, une large palette de possibilit\u00e9.<\/p>\t\t\t\t\t\t\t\t<\/div>\n\t\t\t\t<\/div>\n\t\t\t\t<div class=\"elementor-element elementor-element-4b89843 elementor-invisible elementor-widget elementor-widget-heading\" data-id=\"4b89843\" data-element_type=\"widget\" data-settings=\"{&quot;_animation&quot;:&quot;bounce&quot;,&quot;_animation_delay&quot;:100}\" data-widget_type=\"heading.default\">\n\t\t\t\t<div class=\"elementor-widget-container\">\n\t\t\t\t\t<h2 class=\"elementor-heading-title elementor-size-medium\">Ma mission<\/h2>\t\t\t\t<\/div>\n\t\t\t\t<\/div>\n\t\t\t\t<div class=\"elementor-element elementor-element-be593f7 elementor-widget elementor-widget-text-editor\" data-id=\"be593f7\" data-element_type=\"widget\" data-widget_type=\"text-editor.default\">\n\t\t\t\t<div class=\"elementor-widget-container\">\n\t\t\t\t\t\t\t\t\t<p>J\u2019\u00e9labore avec vous un cahier des charges et vous propose un projet adapt\u00e9 \u00e0 vos besoins et \u00e0 votre budget. Un accompagnement sur mesure tout au long de cette aventure.<\/p>\t\t\t\t\t\t\t\t<\/div>\n\t\t\t\t<\/div>\n\t\t\t\t<div class=\"elementor-element elementor-element-d32c709 elementor-invisible elementor-widget elementor-widget-heading\" data-id=\"d32c709\" data-element_type=\"widget\" data-settings=\"{&quot;_animation&quot;:&quot;bounce&quot;,&quot;_animation_delay&quot;:100}\" data-widget_type=\"heading.default\">\n\t\t\t\t<div class=\"elementor-widget-container\">\n\t\t\t\t\t<h2 class=\"elementor-heading-title elementor-size-medium\">Mes valeurs<\/h2>\t\t\t\t<\/div>\n\t\t\t\t<\/div>\n\t\t\t\t<div class=\"elementor-element elementor-element-ab6b165 elementor-widget elementor-widget-text-editor\" data-id=\"ab6b165\" data-element_type=\"widget\" data-widget_type=\"text-editor.default\">\n\t\t\t\t<div class=\"elementor-widget-container\">\n\t\t\t\t\t\t\t\t\t<p>L\u2019\u00e9coute, l\u2019engagement et le professionnalisme au service de mes clients. Mon exp\u00e9rience mise \u00e0 profit, des conseils personnalis\u00e9s, une r\u00e9activit\u00e9 \u00e0 tous les niveaux. Une construction sereine dans un climat de confiance.<\/p>\t\t\t\t\t\t\t\t<\/div>\n\t\t\t\t<\/div>\n\t\t\t\t<div class=\"elementor-element elementor-element-f700637 elementor-align-center elementor-widget elementor-widget-button\" data-id=\"f700637\" data-element_type=\"widget\" data-widget_type=\"button.default\">\n\t\t\t\t<div class=\"elementor-widget-container\">\n\t\t\t\t\t\t\t\t\t<div class=\"elementor-button-wrapper\">\n\t\t\t\t\t<a class=\"elementor-button elementor-button-link elementor-size-sm\" href=\"http:\/\/atelieraia.fr\/?page_id=23\">\n\t\t\t\t\t\t<span class=\"elementor-button-content-wrapper\">\n\t\t\t\t\t\t<span class=\"elementor-button-icon\">\n\t\t\t\t<i aria-hidden=\"true\" class=\"far fa-envelope\"><\/i>\t\t\t<\/span>\n\t\t\t\t\t\t\t\t\t<span class=\"elementor-button-text\">Me contacter<\/span>\n\t\t\t\t\t<\/span>\n\t\t\t\t\t<\/a>\n\t\t\t\t<\/div>\n\t\t\t\t\t\t\t\t<\/div>\n\t\t\t\t<\/div>\n\t\t\t\t<div class=\"elementor-element elementor-element-699a196 elementor-widget elementor-widget-image\" data-id=\"699a196\" data-element_type=\"widget\" data-widget_type=\"image.default\">\n\t\t\t\t<div class=\"elementor-widget-container\">\n\t\t\t\t\t\t\t\t\t\t\t\t\t\t\t<img fetchpriority=\"high\" decoding=\"async\" width=\"1024\" height=\"461\" src=\"https:\/\/atelieraia.fr\/wp-content\/uploads\/2022\/09\/IMG_20211106_172558-1024x461.jpg\" class=\"attachment-large size-large wp-image-60\" alt=\"\" srcset=\"https:\/\/atelieraia.fr\/wp-content\/uploads\/2022\/09\/IMG_20211106_172558-1024x461.jpg 1024w, https:\/\/atelieraia.fr\/wp-content\/uploads\/2022\/09\/IMG_20211106_172558-300x135.jpg 300w, https:\/\/atelieraia.fr\/wp-content\/uploads\/2022\/09\/IMG_20211106_172558-768x346.jpg 768w, https:\/\/atelieraia.fr\/wp-content\/uploads\/2022\/09\/IMG_20211106_172558-1536x691.jpg 1536w, https:\/\/atelieraia.fr\/wp-content\/uploads\/2022\/09\/IMG_20211106_172558-2048x922.jpg 2048w\" sizes=\"(max-width: 1024px) 100vw, 1024px\" \/>\t\t\t\t\t\t\t\t\t\t\t\t\t\t\t<\/div>\n\t\t\t\t<\/div>\n\t\t\t\t\t<\/div>\n\t\t<\/div>\n\t\t\t\t\t<\/div>\n\t\t<\/section>\n\t\t\t\t<section class=\"elementor-section elementor-top-section elementor-element elementor-element-2a79a8c elementor-section-boxed elementor-section-height-default elementor-section-height-default\" data-id=\"2a79a8c\" data-element_type=\"section\">\n\t\t\t\t\t\t<div class=\"elementor-container elementor-column-gap-default\">\n\t\t\t\t\t<div class=\"elementor-column elementor-col-100 elementor-top-column elementor-element elementor-element-e968173\" data-id=\"e968173\" data-element_type=\"column\">\n\t\t\t<div class=\"elementor-widget-wrap\">\n\t\t\t\t\t\t\t<\/div>\n\t\t<\/div>\n\t\t\t\t\t<\/div>\n\t\t<\/section>\n\t\t\t\t<section class=\"elementor-section elementor-top-section elementor-element elementor-element-0ca4d26 elementor-section-boxed elementor-section-height-default elementor-section-height-default\" data-id=\"0ca4d26\" data-element_type=\"section\">\n\t\t\t\t\t\t<div class=\"elementor-container elementor-column-gap-default\">\n\t\t\t\t\t<div class=\"elementor-column elementor-col-100 elementor-top-column elementor-element elementor-element-8276b39\" data-id=\"8276b39\" data-element_type=\"column\">\n\t\t\t<div class=\"elementor-widget-wrap elementor-element-populated\">\n\t\t\t\t\t\t<div class=\"elementor-element elementor-element-fd98807 elementor-shape-circle elementor-grid-0 e-grid-align-center elementor-widget elementor-widget-social-icons\" data-id=\"fd98807\" data-element_type=\"widget\" data-widget_type=\"social-icons.default\">\n\t\t\t\t<div class=\"elementor-widget-container\">\n\t\t\t\t\t\t\t<div class=\"elementor-social-icons-wrapper elementor-grid\">\n\t\t\t\t\t\t\t<span class=\"elementor-grid-item\">\n\t\t\t\t\t<a class=\"elementor-icon elementor-social-icon elementor-social-icon-facebook elementor-repeater-item-0b57156\" href=\"https:\/\/www.facebook.com\/profile.php?id=100085463945732\" target=\"_blank\">\n\t\t\t\t\t\t<span class=\"elementor-screen-only\">Facebook<\/span>\n\t\t\t\t\t\t<i aria-hidden=\"true\" class=\"fab fa-facebook\"><\/i>\t\t\t\t\t<\/a>\n\t\t\t\t<\/span>\n\t\t\t\t\t<\/div>\n\t\t\t\t\t\t<\/div>\n\t\t\t\t<\/div>\n\t\t\t\t\t<\/div>\n\t\t<\/div>\n\t\t\t\t\t<\/div>\n\t\t<\/section>\n\t\t\t\t<section class=\"elementor-section elementor-top-section elementor-element elementor-element-8dc6ca3 elementor-section-boxed elementor-section-height-default elementor-section-height-default\" data-id=\"8dc6ca3\" data-element_type=\"section\">\n\t\t\t\t\t\t<div class=\"elementor-container elementor-column-gap-default\">\n\t\t\t\t\t<div class=\"elementor-column elementor-col-100 elementor-top-column elementor-element elementor-element-41dda51\" data-id=\"41dda51\" data-element_type=\"column\">\n\t\t\t<div class=\"elementor-widget-wrap elementor-element-populated\">\n\t\t\t\t\t\t<div class=\"elementor-element elementor-element-d32bac5 elementor-widget elementor-widget-image\" data-id=\"d32bac5\" data-element_type=\"widget\" data-widget_type=\"image.default\">\n\t\t\t\t<div class=\"elementor-widget-container\">\n\t\t\t\t\t\t\t\t\t\t\t\t<figure class=\"wp-caption\">\n\t\t\t\t\t\t\t\t\t\t<img decoding=\"async\" src=\"https:\/\/atelieraia.fr\/wp-content\/uploads\/2023\/02\/logo-synamome-1.jpg\" title=\"logo-synamome-1\" alt=\"logo-synamome-1\" loading=\"lazy\" \/>\t\t\t\t\t\t\t\t\t\t\t<figcaption class=\"widget-image-caption wp-caption-text\">Membre du Synamome<\/figcaption>\n\t\t\t\t\t\t\t\t\t\t<\/figure>\n\t\t\t\t\t\t\t\t\t<\/div>\n\t\t\t\t<\/div>\n\t\t\t\t\t<\/div>\n\t\t<\/div>\n\t\t\t\t\t<\/div>\n\t\t<\/section>\n\t\t\t\t<\/div>\n\t\t","protected":false},"excerpt":{"rendered":"<p>ATELIER AIA Alexandra INTERING Architecte DE Atelier AIA, situ\u00e9 dans le Haut Rhin (Alsace) vous accompagne dans la conception de construction neuve, la r\u00e9novation, et l\u2019extension pour particuliers, promoteurs, am\u00e9nageurs. Je vous\u00a0r\u00e9alise des plans de maisons individuelles, am\u00e9nagements de combles, r\u00e9novation compl\u00e8te, am\u00e9nagements int\u00e9rieurs et locaux commerciaux pour professionnels. (ERP 5e cat\u00e9gorie) \u00a0Je suis inscrite [&hellip;]<\/p>\n","protected":false},"author":1,"featured_media":0,"parent":0,"menu_order":0,"comment_status":"closed","ping_status":"closed","template":"","meta":{"footnotes":""},"class_list":["post-21","page","type-page","status-publish","hentry"],"yoast_head":"<!-- This site is optimized with the Yoast SEO plugin v26.6 - https:\/\/yoast.com\/wordpress\/plugins\/seo\/ -->\n<title>Accueil - ATELIER AIA<\/title>\n<meta name=\"robots\" content=\"index, follow, max-snippet:-1, max-image-preview:large, max-video-preview:-1\" \/>\n<link rel=\"canonical\" href=\"http:\/\/atelieraia.fr\/\" \/>\n<meta property=\"og:locale\" content=\"fr_FR\" \/>\n<meta property=\"og:type\" content=\"article\" \/>\n<meta property=\"og:title\" content=\"Accueil - ATELIER AIA\" \/>\n<meta property=\"og:description\" content=\"ATELIER AIA Alexandra INTERING Architecte DE Atelier AIA, situ\u00e9 dans le Haut Rhin (Alsace) vous accompagne dans la conception de construction neuve, la r\u00e9novation, et l\u2019extension pour particuliers, promoteurs, am\u00e9nageurs. Je vous\u00a0r\u00e9alise des plans de maisons individuelles, am\u00e9nagements de combles, r\u00e9novation compl\u00e8te, am\u00e9nagements int\u00e9rieurs et locaux commerciaux pour professionnels. (ERP 5e cat\u00e9gorie) \u00a0Je suis inscrite [&hellip;]\" \/>\n<meta property=\"og:url\" content=\"http:\/\/atelieraia.fr\/\" \/>\n<meta property=\"og:site_name\" content=\"ATELIER AIA\" \/>\n<meta property=\"article:modified_time\" content=\"2024-09-12T06:42:27+00:00\" \/>\n<meta property=\"og:image\" content=\"http:\/\/atelieraia.fr\/wp-content\/uploads\/2022\/09\/ordre-archi-300x57.png\" \/>\n<meta name=\"twitter:card\" content=\"summary_large_image\" \/>\n<meta name=\"twitter:label1\" content=\"Dur\u00e9e de lecture estim\u00e9e\" \/>\n\t<meta name=\"twitter:data1\" content=\"2 minutes\" \/>\n<script type=\"application\/ld+json\" class=\"yoast-schema-graph\">{\"@context\":\"https:\/\/schema.org\",\"@graph\":[{\"@type\":\"WebPage\",\"@id\":\"http:\/\/atelieraia.fr\/\",\"url\":\"http:\/\/atelieraia.fr\/\",\"name\":\"Accueil - ATELIER AIA\",\"isPartOf\":{\"@id\":\"http:\/\/atelieraia.fr\/#website\"},\"primaryImageOfPage\":{\"@id\":\"http:\/\/atelieraia.fr\/#primaryimage\"},\"image\":{\"@id\":\"http:\/\/atelieraia.fr\/#primaryimage\"},\"thumbnailUrl\":\"http:\/\/atelieraia.fr\/wp-content\/uploads\/2022\/09\/ordre-archi-300x57.png\",\"datePublished\":\"2022-09-16T13:43:41+00:00\",\"dateModified\":\"2024-09-12T06:42:27+00:00\",\"breadcrumb\":{\"@id\":\"http:\/\/atelieraia.fr\/#breadcrumb\"},\"inLanguage\":\"fr-FR\",\"potentialAction\":[{\"@type\":\"ReadAction\",\"target\":[\"http:\/\/atelieraia.fr\/\"]}]},{\"@type\":\"ImageObject\",\"inLanguage\":\"fr-FR\",\"@id\":\"http:\/\/atelieraia.fr\/#primaryimage\",\"url\":\"http:\/\/atelieraia.fr\/wp-content\/uploads\/2022\/09\/ordre-archi-300x57.png\",\"contentUrl\":\"http:\/\/atelieraia.fr\/wp-content\/uploads\/2022\/09\/ordre-archi-300x57.png\"},{\"@type\":\"BreadcrumbList\",\"@id\":\"http:\/\/atelieraia.fr\/#breadcrumb\",\"itemListElement\":[{\"@type\":\"ListItem\",\"position\":1,\"name\":\"Accueil\",\"item\":\"http:\/\/atelieraia.fr\/\"},{\"@type\":\"ListItem\",\"position\":2,\"name\":\"Accueil\"}]},{\"@type\":\"WebSite\",\"@id\":\"http:\/\/atelieraia.fr\/#website\",\"url\":\"http:\/\/atelieraia.fr\/\",\"name\":\"ATELIER AIA\",\"description\":\"Alexandra INTERING Architecte DE\",\"publisher\":{\"@id\":\"http:\/\/atelieraia.fr\/#organization\"},\"potentialAction\":[{\"@type\":\"SearchAction\",\"target\":{\"@type\":\"EntryPoint\",\"urlTemplate\":\"http:\/\/atelieraia.fr\/?s={search_term_string}\"},\"query-input\":{\"@type\":\"PropertyValueSpecification\",\"valueRequired\":true,\"valueName\":\"search_term_string\"}}],\"inLanguage\":\"fr-FR\"},{\"@type\":\"Organization\",\"@id\":\"http:\/\/atelieraia.fr\/#organization\",\"name\":\"ATELIER AIA\",\"url\":\"http:\/\/atelieraia.fr\/\",\"logo\":{\"@type\":\"ImageObject\",\"inLanguage\":\"fr-FR\",\"@id\":\"http:\/\/atelieraia.fr\/#\/schema\/logo\/image\/\",\"url\":\"https:\/\/atelieraia.fr\/wp-content\/uploads\/2022\/09\/cropped-cropped-cropped-cropped-cropped-LOGO-DEF-1-1.jpg\",\"contentUrl\":\"https:\/\/atelieraia.fr\/wp-content\/uploads\/2022\/09\/cropped-cropped-cropped-cropped-cropped-LOGO-DEF-1-1.jpg\",\"width\":512,\"height\":512,\"caption\":\"ATELIER AIA\"},\"image\":{\"@id\":\"http:\/\/atelieraia.fr\/#\/schema\/logo\/image\/\"}}]}<\/script>\n<!-- \/ Yoast SEO plugin. -->","yoast_head_json":{"title":"Accueil - ATELIER AIA","robots":{"index":"index","follow":"follow","max-snippet":"max-snippet:-1","max-image-preview":"max-image-preview:large","max-video-preview":"max-video-preview:-1"},"canonical":"http:\/\/atelieraia.fr\/","og_locale":"fr_FR","og_type":"article","og_title":"Accueil - ATELIER AIA","og_description":"ATELIER AIA Alexandra INTERING Architecte DE Atelier AIA, situ\u00e9 dans le Haut Rhin (Alsace) vous accompagne dans la conception de construction neuve, la r\u00e9novation, et l\u2019extension pour particuliers, promoteurs, am\u00e9nageurs. Je vous\u00a0r\u00e9alise des plans de maisons individuelles, am\u00e9nagements de combles, r\u00e9novation compl\u00e8te, am\u00e9nagements int\u00e9rieurs et locaux commerciaux pour professionnels. (ERP 5e cat\u00e9gorie) \u00a0Je suis inscrite [&hellip;]","og_url":"http:\/\/atelieraia.fr\/","og_site_name":"ATELIER AIA","article_modified_time":"2024-09-12T06:42:27+00:00","og_image":[{"url":"http:\/\/atelieraia.fr\/wp-content\/uploads\/2022\/09\/ordre-archi-300x57.png","type":"","width":"","height":""}],"twitter_card":"summary_large_image","twitter_misc":{"Dur\u00e9e de lecture estim\u00e9e":"2 minutes"},"schema":{"@context":"https:\/\/schema.org","@graph":[{"@type":"WebPage","@id":"http:\/\/atelieraia.fr\/","url":"http:\/\/atelieraia.fr\/","name":"Accueil - ATELIER AIA","isPartOf":{"@id":"http:\/\/atelieraia.fr\/#website"},"primaryImageOfPage":{"@id":"http:\/\/atelieraia.fr\/#primaryimage"},"image":{"@id":"http:\/\/atelieraia.fr\/#primaryimage"},"thumbnailUrl":"http:\/\/atelieraia.fr\/wp-content\/uploads\/2022\/09\/ordre-archi-300x57.png","datePublished":"2022-09-16T13:43:41+00:00","dateModified":"2024-09-12T06:42:27+00:00","breadcrumb":{"@id":"http:\/\/atelieraia.fr\/#breadcrumb"},"inLanguage":"fr-FR","potentialAction":[{"@type":"ReadAction","target":["http:\/\/atelieraia.fr\/"]}]},{"@type":"ImageObject","inLanguage":"fr-FR","@id":"http:\/\/atelieraia.fr\/#primaryimage","url":"http:\/\/atelieraia.fr\/wp-content\/uploads\/2022\/09\/ordre-archi-300x57.png","contentUrl":"http:\/\/atelieraia.fr\/wp-content\/uploads\/2022\/09\/ordre-archi-300x57.png"},{"@type":"BreadcrumbList","@id":"http:\/\/atelieraia.fr\/#breadcrumb","itemListElement":[{"@type":"ListItem","position":1,"name":"Accueil","item":"http:\/\/atelieraia.fr\/"},{"@type":"ListItem","position":2,"name":"Accueil"}]},{"@type":"WebSite","@id":"http:\/\/atelieraia.fr\/#website","url":"http:\/\/atelieraia.fr\/","name":"ATELIER AIA","description":"Alexandra INTERING Architecte DE","publisher":{"@id":"http:\/\/atelieraia.fr\/#organization"},"potentialAction":[{"@type":"SearchAction","target":{"@type":"EntryPoint","urlTemplate":"http:\/\/atelieraia.fr\/?s={search_term_string}"},"query-input":{"@type":"PropertyValueSpecification","valueRequired":true,"valueName":"search_term_string"}}],"inLanguage":"fr-FR"},{"@type":"Organization","@id":"http:\/\/atelieraia.fr\/#organization","name":"ATELIER AIA","url":"http:\/\/atelieraia.fr\/","logo":{"@type":"ImageObject","inLanguage":"fr-FR","@id":"http:\/\/atelieraia.fr\/#\/schema\/logo\/image\/","url":"https:\/\/atelieraia.fr\/wp-content\/uploads\/2022\/09\/cropped-cropped-cropped-cropped-cropped-LOGO-DEF-1-1.jpg","contentUrl":"https:\/\/atelieraia.fr\/wp-content\/uploads\/2022\/09\/cropped-cropped-cropped-cropped-cropped-LOGO-DEF-1-1.jpg","width":512,"height":512,"caption":"ATELIER AIA"},"image":{"@id":"http:\/\/atelieraia.fr\/#\/schema\/logo\/image\/"}}]}},"_links":{"self":[{"href":"https:\/\/atelieraia.fr\/index.php?rest_route=\/wp\/v2\/pages\/21","targetHints":{"allow":["GET"]}}],"collection":[{"href":"https:\/\/atelieraia.fr\/index.php?rest_route=\/wp\/v2\/pages"}],"about":[{"href":"https:\/\/atelieraia.fr\/index.php?rest_route=\/wp\/v2\/types\/page"}],"author":[{"embeddable":true,"href":"https:\/\/atelieraia.fr\/index.php?rest_route=\/wp\/v2\/users\/1"}],"replies":[{"embeddable":true,"href":"https:\/\/atelieraia.fr\/index.php?rest_route=%2Fwp%2Fv2%2Fcomments&post=21"}],"version-history":[{"count":76,"href":"https:\/\/atelieraia.fr\/index.php?rest_route=\/wp\/v2\/pages\/21\/revisions"}],"predecessor-version":[{"id":687,"href":"https:\/\/atelieraia.fr\/index.php?rest_route=\/wp\/v2\/pages\/21\/revisions\/687"}],"wp:attachment":[{"href":"https:\/\/atelieraia.fr\/index.php?rest_route=%2Fwp%2Fv2%2Fmedia&parent=21"}],"curies":[{"name":"wp","href":"https:\/\/api.w.org\/{rel}","templated":true}]}}